{"id":176,"date":"2025-07-13T21:06:13","date_gmt":"2025-07-13T21:06:13","guid":{"rendered":"https:\/\/canto360.cl\/?page_id=176"},"modified":"2025-07-13T23:32:03","modified_gmt":"2025-07-13T23:32:03","slug":"tapacantos-pvc","status":"publish","type":"page","link":"https:\/\/canto360.cl\/?page_id=176","title":{"rendered":"Tapacantos PVC"},"content":{"rendered":"\t\t<div data-elementor-type=\"wp-page\" data-elementor-id=\"176\" class=\"elementor elementor-176\" data-elementor-post-type=\"page\">\n\t\t\t\t<div class=\"elementor-element elementor-element-2749fc9a e-con-full e-flex e-con e-parent\" data-id=\"2749fc9a\" data-element_type=\"container\" data-e-type=\"container\" data-settings=\"{&quot;background_background&quot;:&quot;classic&quot;}\">\n\t\t\t\t<div class=\"elementor-element elementor-element-37c6c3e elementor-widget elementor-widget-heading\" data-id=\"37c6c3e\" data-element_type=\"widget\" data-e-type=\"widget\" data-widget_type=\"heading.default\">\n\t\t\t\t\t<p class=\"elementor-heading-title elementor-size-default\">\u00a9 2026 All Rights Reserved.<\/p>\t\t\t\t<\/div>\n\t\t\t\t<\/div>\n\t\t<div class=\"elementor-element elementor-element-24f6f447 e-con-full e-flex e-con e-parent\" data-id=\"24f6f447\" data-element_type=\"container\" data-e-type=\"container\" data-settings=\"{&quot;background_background&quot;:&quot;classic&quot;}\">\n\t\t<div class=\"elementor-element elementor-element-5147c264 e-con-full e-flex e-con e-child\" data-id=\"5147c264\" data-element_type=\"container\" data-e-type=\"container\">\n\t\t\t\t<div class=\"elementor-element elementor-element-2c7bcd71 elementor-widget elementor-widget-image\" data-id=\"2c7bcd71\" data-element_type=\"widget\" data-e-type=\"widget\" data-widget_type=\"image.default\">\n\t\t\t\t\t\t\t\t\t\t\t\t\t\t\t<img fetchpriority=\"high\" decoding=\"async\" width=\"800\" height=\"800\" src=\"https:\/\/canto360.cl\/wp-content\/uploads\/2025\/07\/Hd746f0a5cec7482791b70fd0c5c072bb1.png_960x960.png\" class=\"attachment-large size-large wp-image-183\" alt=\"\" srcset=\"https:\/\/canto360.cl\/wp-content\/uploads\/2025\/07\/Hd746f0a5cec7482791b70fd0c5c072bb1.png_960x960.png 800w, https:\/\/canto360.cl\/wp-content\/uploads\/2025\/07\/Hd746f0a5cec7482791b70fd0c5c072bb1.png_960x960-300x300.png 300w, https:\/\/canto360.cl\/wp-content\/uploads\/2025\/07\/Hd746f0a5cec7482791b70fd0c5c072bb1.png_960x960-100x100.png 100w, https:\/\/canto360.cl\/wp-content\/uploads\/2025\/07\/Hd746f0a5cec7482791b70fd0c5c072bb1.png_960x960-600x600.png 600w, https:\/\/canto360.cl\/wp-content\/uploads\/2025\/07\/Hd746f0a5cec7482791b70fd0c5c072bb1.png_960x960-150x150.png 150w, https:\/\/canto360.cl\/wp-content\/uploads\/2025\/07\/Hd746f0a5cec7482791b70fd0c5c072bb1.png_960x960-768x768.png 768w\" sizes=\"(max-width: 800px) 100vw, 800px\" \/>\t\t\t\t\t\t\t\t\t\t\t\t\t\t\t<\/div>\n\t\t\t\t<\/div>\n\t\t<div class=\"elementor-element elementor-element-5b8e52f2 e-con-full e-flex e-con e-child\" data-id=\"5b8e52f2\" data-element_type=\"container\" data-e-type=\"container\">\n\t\t\t\t<div class=\"elementor-element elementor-element-75713deb elementor-widget elementor-widget-heading\" data-id=\"75713deb\" data-element_type=\"widget\" data-e-type=\"widget\" data-widget_type=\"heading.default\">\n\t\t\t\t\t<h1 class=\"elementor-heading-title elementor-size-default\">Tapacantos de PVC<\/h1>\t\t\t\t<\/div>\n\t\t\t\t<div class=\"elementor-element elementor-element-227b477b elementor-widget elementor-widget-text-editor\" data-id=\"227b477b\" data-element_type=\"widget\" data-e-type=\"widget\" data-widget_type=\"text-editor.default\">\n\t\t\t\t\t\t\t\t\t<p>Medidas:<br \/>22 x 0,45 mm<br \/>22 x 1,5 mm<br \/>29 x 1,5 mm<br \/>50 x 0,45 mm<\/p>\t\t\t\t\t\t\t\t<\/div>\n\t\t\t\t<\/div>\n\t\t\t\t<\/div>\n\t\t<div class=\"elementor-element elementor-element-f33b0b1 e-con-full e-flex e-con e-parent\" data-id=\"f33b0b1\" data-element_type=\"container\" data-e-type=\"container\" data-settings=\"{&quot;background_background&quot;:&quot;classic&quot;}\">\n\t\t<div class=\"elementor-element elementor-element-4267a9f6 e-con-full e-flex e-con e-child\" data-id=\"4267a9f6\" data-element_type=\"container\" data-e-type=\"container\">\n\t\t\t\t<div class=\"elementor-element elementor-element-1eb4132c elementor-widget elementor-widget-heading\" data-id=\"1eb4132c\" data-element_type=\"widget\" data-e-type=\"widget\" data-widget_type=\"heading.default\">\n\t\t\t\t\t<h2 class=\"elementor-heading-title elementor-size-default\">PVC 22 x 0,45 mm (Rollo de 200 mt)<\/h2>\t\t\t\t<\/div>\n\t\t\t\t<div class=\"elementor-element elementor-element-447d000c elementor-widget elementor-widget-text-editor\" data-id=\"447d000c\" data-element_type=\"widget\" data-e-type=\"widget\" data-widget_type=\"text-editor.default\">\n\t\t\t\t\t\t\t\t\t<p>Los cantos de PVC (cloruro de polivinilo) son una opci\u00f3n popular para el acabado y la protecci\u00f3n de los bordes expuestos de diversos materiales, como madera contrachapada, MDF y tableros de part\u00edculas, en proyectos de carpinter\u00eda y ebanister\u00eda.<\/p>\t\t\t\t\t\t\t\t<\/div>\n\t\t\t\t<\/div>\n\t\t<div class=\"elementor-element elementor-element-7ca329e5 e-con-full e-flex e-con e-child\" data-id=\"7ca329e5\" data-element_type=\"container\" data-e-type=\"container\">\n\t\t\t\t<div class=\"elementor-element elementor-element-17cd363d elementor-widget elementor-widget-image\" data-id=\"17cd363d\" data-element_type=\"widget\" data-e-type=\"widget\" data-widget_type=\"image.default\">\n\t\t\t\t\t\t\t\t\t\t\t\t\t\t\t<img decoding=\"async\" width=\"750\" height=\"750\" src=\"https:\/\/canto360.cl\/wp-content\/uploads\/2025\/07\/Melamine-Paper-Edge-Banding-Tape-for-Shelf-Edging-Protection-1.jpg\" class=\"attachment-large size-large wp-image-184\" alt=\"\" srcset=\"https:\/\/canto360.cl\/wp-content\/uploads\/2025\/07\/Melamine-Paper-Edge-Banding-Tape-for-Shelf-Edging-Protection-1.jpg 750w, https:\/\/canto360.cl\/wp-content\/uploads\/2025\/07\/Melamine-Paper-Edge-Banding-Tape-for-Shelf-Edging-Protection-1-300x300.jpg 300w, https:\/\/canto360.cl\/wp-content\/uploads\/2025\/07\/Melamine-Paper-Edge-Banding-Tape-for-Shelf-Edging-Protection-1-100x100.jpg 100w, https:\/\/canto360.cl\/wp-content\/uploads\/2025\/07\/Melamine-Paper-Edge-Banding-Tape-for-Shelf-Edging-Protection-1-600x600.jpg 600w, https:\/\/canto360.cl\/wp-content\/uploads\/2025\/07\/Melamine-Paper-Edge-Banding-Tape-for-Shelf-Edging-Protection-1-150x150.jpg 150w\" sizes=\"(max-width: 750px) 100vw, 750px\" \/>\t\t\t\t\t\t\t\t\t\t\t\t\t\t\t<\/div>\n\t\t\t\t<\/div>\n\t\t\t\t<\/div>\n\t\t<div class=\"elementor-element elementor-element-10f89138 e-con-full e-flex e-con e-parent\" data-id=\"10f89138\" data-element_type=\"container\" data-e-type=\"container\" data-settings=\"{&quot;background_background&quot;:&quot;classic&quot;}\">\n\t\t<div class=\"elementor-element elementor-element-12b6c57d e-con-full e-flex e-con e-child\" data-id=\"12b6c57d\" data-element_type=\"container\" data-e-type=\"container\">\n\t\t\t\t<div class=\"elementor-element elementor-element-27aa306c elementor-widget elementor-widget-heading\" data-id=\"27aa306c\" data-element_type=\"widget\" data-e-type=\"widget\" data-widget_type=\"heading.default\">\n\t\t\t\t\t<h2 class=\"elementor-heading-title elementor-size-default\">PVC 22 x 1,5 mm (Rollo de 100 mt)<\/h2>\t\t\t\t<\/div>\n\t\t\t\t<div class=\"elementor-element elementor-element-5287550 elementor-widget elementor-widget-text-editor\" data-id=\"5287550\" data-element_type=\"widget\" data-e-type=\"widget\" data-widget_type=\"text-editor.default\">\n\t\t\t\t\t\t\t\t\t<p>Los cantos de PVC (cloruro de polivinilo) son una opci\u00f3n popular para el acabado y la protecci\u00f3n de los bordes expuestos de diversos materiales, como madera contrachapada, MDF y tableros de part\u00edculas, en proyectos de carpinter\u00eda y ebanister\u00eda.<\/p>\t\t\t\t\t\t\t\t<\/div>\n\t\t\t\t<\/div>\n\t\t<div class=\"elementor-element elementor-element-a7151bc e-con-full e-flex e-con e-child\" data-id=\"a7151bc\" data-element_type=\"container\" data-e-type=\"container\">\n\t\t\t\t<div class=\"elementor-element elementor-element-52bb4c88 elementor-widget elementor-widget-image\" data-id=\"52bb4c88\" data-element_type=\"widget\" data-e-type=\"widget\" data-widget_type=\"image.default\">\n\t\t\t\t\t\t\t\t\t\t\t\t\t\t\t<img decoding=\"async\" width=\"960\" height=\"960\" src=\"https:\/\/canto360.cl\/wp-content\/uploads\/2025\/07\/Hd9ed4a18e84d4562ae6f3ec1436e2169l.jpg_960x960.jpg\" class=\"attachment-large size-large wp-image-185\" alt=\"\" srcset=\"https:\/\/canto360.cl\/wp-content\/uploads\/2025\/07\/Hd9ed4a18e84d4562ae6f3ec1436e2169l.jpg_960x960.jpg 960w, https:\/\/canto360.cl\/wp-content\/uploads\/2025\/07\/Hd9ed4a18e84d4562ae6f3ec1436e2169l.jpg_960x960-300x300.jpg 300w, https:\/\/canto360.cl\/wp-content\/uploads\/2025\/07\/Hd9ed4a18e84d4562ae6f3ec1436e2169l.jpg_960x960-100x100.jpg 100w, https:\/\/canto360.cl\/wp-content\/uploads\/2025\/07\/Hd9ed4a18e84d4562ae6f3ec1436e2169l.jpg_960x960-600x600.jpg 600w, https:\/\/canto360.cl\/wp-content\/uploads\/2025\/07\/Hd9ed4a18e84d4562ae6f3ec1436e2169l.jpg_960x960-150x150.jpg 150w, https:\/\/canto360.cl\/wp-content\/uploads\/2025\/07\/Hd9ed4a18e84d4562ae6f3ec1436e2169l.jpg_960x960-768x768.jpg 768w\" sizes=\"(max-width: 960px) 100vw, 960px\" \/>\t\t\t\t\t\t\t\t\t\t\t\t\t\t\t<\/div>\n\t\t\t\t<\/div>\n\t\t\t\t<\/div>\n\t\t<div class=\"elementor-element elementor-element-151f97f8 e-con-full e-flex e-con e-parent\" data-id=\"151f97f8\" data-element_type=\"container\" data-e-type=\"container\" data-settings=\"{&quot;background_background&quot;:&quot;classic&quot;}\">\n\t\t<div class=\"elementor-element elementor-element-2edd24f1 e-con-full e-flex e-con e-child\" data-id=\"2edd24f1\" data-element_type=\"container\" data-e-type=\"container\">\n\t\t\t\t<div class=\"elementor-element elementor-element-2e221f00 elementor-widget elementor-widget-heading\" data-id=\"2e221f00\" data-element_type=\"widget\" data-e-type=\"widget\" data-widget_type=\"heading.default\">\n\t\t\t\t\t<h2 class=\"elementor-heading-title elementor-size-default\">PVC 29 x 1,5 mm (Rollo 100 mt)<\/h2>\t\t\t\t<\/div>\n\t\t\t\t<div class=\"elementor-element elementor-element-31c8247a elementor-widget elementor-widget-text-editor\" data-id=\"31c8247a\" data-element_type=\"widget\" data-e-type=\"widget\" data-widget_type=\"text-editor.default\">\n\t\t\t\t\t\t\t\t\t<p>Los cantos de PVC (cloruro de polivinilo) son una opci\u00f3n popular para el acabado y la protecci\u00f3n de los bordes expuestos de diversos materiales, como madera contrachapada, MDF y tableros de part\u00edculas, en proyectos de carpinter\u00eda y ebanister\u00eda.<\/p>\t\t\t\t\t\t\t\t<\/div>\n\t\t\t\t<\/div>\n\t\t<div class=\"elementor-element elementor-element-6b7c518b e-con-full e-flex e-con e-child\" data-id=\"6b7c518b\" data-element_type=\"container\" data-e-type=\"container\">\n\t\t\t\t<div class=\"elementor-element elementor-element-1e650895 elementor-widget elementor-widget-image\" data-id=\"1e650895\" data-element_type=\"widget\" data-e-type=\"widget\" data-widget_type=\"image.default\">\n\t\t\t\t\t\t\t\t\t\t\t\t\t\t\t<img loading=\"lazy\" decoding=\"async\" width=\"600\" height=\"600\" src=\"https:\/\/canto360.cl\/wp-content\/uploads\/2025\/07\/Ha686473423424e58a3307735c181dcfbD.jpg_960x960.jpg\" class=\"attachment-large size-large wp-image-189\" alt=\"\" srcset=\"https:\/\/canto360.cl\/wp-content\/uploads\/2025\/07\/Ha686473423424e58a3307735c181dcfbD.jpg_960x960.jpg 600w, https:\/\/canto360.cl\/wp-content\/uploads\/2025\/07\/Ha686473423424e58a3307735c181dcfbD.jpg_960x960-300x300.jpg 300w, https:\/\/canto360.cl\/wp-content\/uploads\/2025\/07\/Ha686473423424e58a3307735c181dcfbD.jpg_960x960-100x100.jpg 100w, https:\/\/canto360.cl\/wp-content\/uploads\/2025\/07\/Ha686473423424e58a3307735c181dcfbD.jpg_960x960-150x150.jpg 150w\" sizes=\"(max-width: 600px) 100vw, 600px\" \/>\t\t\t\t\t\t\t\t\t\t\t\t\t\t\t<\/div>\n\t\t\t\t<\/div>\n\t\t\t\t<\/div>\n\t\t<div class=\"elementor-element elementor-element-13d0b60 e-con-full e-flex e-con e-parent\" data-id=\"13d0b60\" data-element_type=\"container\" data-e-type=\"container\" data-settings=\"{&quot;background_background&quot;:&quot;classic&quot;}\">\n\t\t<div class=\"elementor-element elementor-element-30a3bed e-con-full e-flex e-con e-child\" data-id=\"30a3bed\" data-element_type=\"container\" data-e-type=\"container\">\n\t\t\t\t<div class=\"elementor-element elementor-element-50b226e elementor-widget elementor-widget-heading\" data-id=\"50b226e\" data-element_type=\"widget\" data-e-type=\"widget\" data-widget_type=\"heading.default\">\n\t\t\t\t\t<h2 class=\"elementor-heading-title elementor-size-default\">PVC 50 x 0.45 mm (Rollo de 200 mt)<\/h2>\t\t\t\t<\/div>\n\t\t\t\t<div class=\"elementor-element elementor-element-8ed2fdd elementor-widget elementor-widget-text-editor\" data-id=\"8ed2fdd\" data-element_type=\"widget\" data-e-type=\"widget\" data-widget_type=\"text-editor.default\">\n\t\t\t\t\t\t\t\t\t<p>Los cantos de PVC (cloruro de polivinilo) son una opci\u00f3n popular para el acabado y la protecci\u00f3n de los bordes expuestos de diversos materiales, como madera contrachapada, MDF y tableros de part\u00edculas, en proyectos de carpinter\u00eda y ebanister\u00eda.<\/p>\t\t\t\t\t\t\t\t<\/div>\n\t\t\t\t<\/div>\n\t\t<div class=\"elementor-element elementor-element-14c14b9 e-con-full e-flex e-con e-child\" data-id=\"14c14b9\" data-element_type=\"container\" data-e-type=\"container\">\n\t\t\t\t<div class=\"elementor-element elementor-element-27e2697 elementor-widget elementor-widget-image\" data-id=\"27e2697\" data-element_type=\"widget\" data-e-type=\"widget\" data-widget_type=\"image.default\">\n\t\t\t\t\t\t\t\t\t\t\t\t\t\t\t<img loading=\"lazy\" decoding=\"async\" width=\"750\" height=\"750\" src=\"https:\/\/canto360.cl\/wp-content\/uploads\/2025\/07\/zebra-wood-edge-banding8-7-2.jpg\" class=\"attachment-medium_large size-medium_large wp-image-192\" alt=\"\" srcset=\"https:\/\/canto360.cl\/wp-content\/uploads\/2025\/07\/zebra-wood-edge-banding8-7-2.jpg 750w, https:\/\/canto360.cl\/wp-content\/uploads\/2025\/07\/zebra-wood-edge-banding8-7-2-300x300.jpg 300w, https:\/\/canto360.cl\/wp-content\/uploads\/2025\/07\/zebra-wood-edge-banding8-7-2-100x100.jpg 100w, https:\/\/canto360.cl\/wp-content\/uploads\/2025\/07\/zebra-wood-edge-banding8-7-2-600x600.jpg 600w, https:\/\/canto360.cl\/wp-content\/uploads\/2025\/07\/zebra-wood-edge-banding8-7-2-150x150.jpg 150w\" sizes=\"(max-width: 750px) 100vw, 750px\" \/>\t\t\t\t\t\t\t\t\t\t\t\t\t\t\t<\/div>\n\t\t\t\t<\/div>\n\t\t\t\t<\/div>\n\t\t<div class=\"elementor-element elementor-element-692de699 e-con-full e-flex e-con e-parent\" data-id=\"692de699\" data-element_type=\"container\" data-e-type=\"container\">\n\t\t\t\t<div class=\"elementor-element elementor-element-6d93ff4e elementor-widget elementor-widget-heading\" data-id=\"6d93ff4e\" data-element_type=\"widget\" data-e-type=\"widget\" data-widget_type=\"heading.default\">\n\t\t\t\t\t<h3 class=\"elementor-heading-title elementor-size-default\">Preguntas Frecuentes<\/h3>\t\t\t\t<\/div>\n\t\t<div class=\"elementor-element elementor-element-6ae774cb e-con-full e-flex e-con e-child\" data-id=\"6ae774cb\" data-element_type=\"container\" data-e-type=\"container\">\n\t\t\t\t<div class=\"elementor-element elementor-element-57b9b7df elementor-widget__width-inherit elementor-widget elementor-widget-toggle\" data-id=\"57b9b7df\" data-element_type=\"widget\" data-e-type=\"widget\" data-widget_type=\"toggle.default\">\n\t\t\t\t\t\t\t<div class=\"elementor-toggle\">\n\t\t\t\t\t\t\t<div class=\"elementor-toggle-item\">\n\t\t\t\t\t<h4 id=\"elementor-tab-title-1471\" class=\"elementor-tab-title\" data-tab=\"1\" role=\"button\" aria-controls=\"elementor-tab-content-1471\" aria-expanded=\"false\">\n\t\t\t\t\t\t\t\t\t\t\t\t<a class=\"elementor-toggle-title\" tabindex=\"0\">\u00bfCuentan con stock?<\/a>\n\t\t\t\t\t<\/h4>\n\n\t\t\t\t\t<div id=\"elementor-tab-content-1471\" class=\"elementor-tab-content elementor-clearfix\" data-tab=\"1\" role=\"region\" aria-labelledby=\"elementor-tab-title-1471\"><p>Si contamos con stock limitado, con el tiempo se ira incorporando mas stock y mayor cantidad de colores.<\/p><\/div>\n\t\t\t\t<\/div>\n\t\t\t\t\t\t\t<div class=\"elementor-toggle-item\">\n\t\t\t\t\t<h4 id=\"elementor-tab-title-1472\" class=\"elementor-tab-title\" data-tab=\"2\" role=\"button\" aria-controls=\"elementor-tab-content-1472\" aria-expanded=\"false\">\n\t\t\t\t\t\t\t\t\t\t\t\t<a class=\"elementor-toggle-title\" tabindex=\"0\">\u00bfVenden por metro?<\/a>\n\t\t\t\t\t<\/h4>\n\n\t\t\t\t\t<div id=\"elementor-tab-content-1472\" class=\"elementor-tab-content elementor-clearfix\" data-tab=\"2\" role=\"region\" aria-labelledby=\"elementor-tab-title-1472\"><p>No vendemos por metro, solamente se venden los rollos por lo metros existentes.<\/p><\/div>\n\t\t\t\t<\/div>\n\t\t\t\t\t\t\t<div class=\"elementor-toggle-item\">\n\t\t\t\t\t<h4 id=\"elementor-tab-title-1473\" class=\"elementor-tab-title\" data-tab=\"3\" role=\"button\" aria-controls=\"elementor-tab-content-1473\" aria-expanded=\"false\">\n\t\t\t\t\t\t\t\t\t\t\t\t<a class=\"elementor-toggle-title\" tabindex=\"0\">\u00bfVenden a todo publico?<\/a>\n\t\t\t\t\t<\/h4>\n\n\t\t\t\t\t<div id=\"elementor-tab-content-1473\" class=\"elementor-tab-content elementor-clearfix\" data-tab=\"3\" role=\"region\" aria-labelledby=\"elementor-tab-title-1473\"><p>Por el momento solo le vendemos a empresas, por rollos o cajas de tapacantos de PVC.<\/p><\/div>\n\t\t\t\t<\/div>\n\t\t\t\t\t\t\t<div class=\"elementor-toggle-item\">\n\t\t\t\t\t<h4 id=\"elementor-tab-title-1474\" class=\"elementor-tab-title\" data-tab=\"4\" role=\"button\" aria-controls=\"elementor-tab-content-1474\" aria-expanded=\"false\">\n\t\t\t\t\t\t\t\t\t\t\t\t<a class=\"elementor-toggle-title\" tabindex=\"0\">\u00bfTienen todos los colores disponibles?<\/a>\n\t\t\t\t\t<\/h4>\n\n\t\t\t\t\t<div id=\"elementor-tab-content-1474\" class=\"elementor-tab-content elementor-clearfix\" data-tab=\"4\" role=\"region\" aria-labelledby=\"elementor-tab-title-1474\"><p>No contamos con todos los colores por el momento, pero si apuntamos a tener la mayor cantidad de colores y abastecer el mercado para que puedan entregar sus proyectos completos.<\/p><\/div>\n\t\t\t\t<\/div>\n\t\t\t\t\t\t\t\t<\/div>\n\t\t\t\t\t\t<\/div>\n\t\t\t\t<div class=\"elementor-element elementor-element-55664e4f elementor-widget__width-inherit elementor-widget elementor-widget-toggle\" data-id=\"55664e4f\" data-element_type=\"widget\" data-e-type=\"widget\" data-widget_type=\"toggle.default\">\n\t\t\t\t\t\t\t<div class=\"elementor-toggle\">\n\t\t\t\t\t\t\t<div class=\"elementor-toggle-item\">\n\t\t\t\t\t<h4 id=\"elementor-tab-title-1431\" class=\"elementor-tab-title\" data-tab=\"1\" role=\"button\" aria-controls=\"elementor-tab-content-1431\" aria-expanded=\"false\">\n\t\t\t\t\t\t\t\t\t\t\t\t<a class=\"elementor-toggle-title\" tabindex=\"0\">\u00bfSe puede pedir alg\u00fan color o medida especia?<\/a>\n\t\t\t\t\t<\/h4>\n\n\t\t\t\t\t<div id=\"elementor-tab-content-1431\" class=\"elementor-tab-content elementor-clearfix\" data-tab=\"1\" role=\"region\" aria-labelledby=\"elementor-tab-title-1431\"><p>Si, se puede pedir una medida especial o color especial, lo que se tiene que considerar es tener la paciencia con el tiempo de fabricaci\u00f3n.<\/p><\/div>\n\t\t\t\t<\/div>\n\t\t\t\t\t\t\t<div class=\"elementor-toggle-item\">\n\t\t\t\t\t<h4 id=\"elementor-tab-title-1432\" class=\"elementor-tab-title\" data-tab=\"2\" role=\"button\" aria-controls=\"elementor-tab-content-1432\" aria-expanded=\"false\">\n\t\t\t\t\t\t\t\t\t\t\t\t<a class=\"elementor-toggle-title\" tabindex=\"0\">\u00bfTienen pegamentos termofusible?<\/a>\n\t\t\t\t\t<\/h4>\n\n\t\t\t\t\t<div id=\"elementor-tab-content-1432\" class=\"elementor-tab-content elementor-clearfix\" data-tab=\"2\" role=\"region\" aria-labelledby=\"elementor-tab-title-1432\"><p>Por el momento no contamos con pegamento termofusible, pero en un futuro nos enviaran pegamento termofusible.<\/p><\/div>\n\t\t\t\t<\/div>\n\t\t\t\t\t\t\t<div class=\"elementor-toggle-item\">\n\t\t\t\t\t<h4 id=\"elementor-tab-title-1433\" class=\"elementor-tab-title\" data-tab=\"3\" role=\"button\" aria-controls=\"elementor-tab-content-1433\" aria-expanded=\"false\">\n\t\t\t\t\t\t\t\t\t\t\t\t<a class=\"elementor-toggle-title\" tabindex=\"0\">\u00bfHacen encuentas para saber que medidas y colores se utilizan mas?<\/a>\n\t\t\t\t\t<\/h4>\n\n\t\t\t\t\t<div id=\"elementor-tab-content-1433\" class=\"elementor-tab-content elementor-clearfix\" data-tab=\"3\" role=\"region\" aria-labelledby=\"elementor-tab-title-1433\"><p>Si, tenemos una seccion de encuentas para que puedan vota e informar que colores son los que mas utilizan, tambi\u00e9n los colores que mas hacen falta en el mercado. Estamos trabajando para entender el mercado y poder ayudar a sus necesidades.<\/p><\/div>\n\t\t\t\t<\/div>\n\t\t\t\t\t\t\t<div class=\"elementor-toggle-item\">\n\t\t\t\t\t<h4 id=\"elementor-tab-title-1434\" class=\"elementor-tab-title\" data-tab=\"4\" role=\"button\" aria-controls=\"elementor-tab-content-1434\" aria-expanded=\"false\">\n\t\t\t\t\t\t\t\t\t\t\t\t<a class=\"elementor-toggle-title\" tabindex=\"0\">\u00bfLas compras como se realizan?<\/a>\n\t\t\t\t\t<\/h4>\n\n\t\t\t\t\t<div id=\"elementor-tab-content-1434\" class=\"elementor-tab-content elementor-clearfix\" data-tab=\"4\" role=\"region\" aria-labelledby=\"elementor-tab-title-1434\"><p>Las compras se solicitan por correo electr\u00f3nico, un ejecutivo lo contactara y enviara los valores de los tapacantos existentes. Se pueden retirar o se puede coordinar la entrega. Los pagos se realizan con transferencia bancaria.\u00a0<\/p><\/div>\n\t\t\t\t<\/div>\n\t\t\t\t\t\t\t\t<\/div>\n\t\t\t\t\t\t<\/div>\n\t\t\t\t<\/div>\n\t\t\t\t<\/div>\n\t\t<div class=\"elementor-element elementor-element-44970012 e-flex e-con-boxed e-con e-parent\" data-id=\"44970012\" data-element_type=\"container\" data-e-type=\"container\" data-settings=\"{&quot;background_background&quot;:&quot;classic&quot;}\">\n\t\t\t\t\t<div class=\"e-con-inner\">\n\t\t\t\t<div class=\"elementor-element elementor-element-2f872a29 elementor-widget elementor-widget-heading\" data-id=\"2f872a29\" data-element_type=\"widget\" data-e-type=\"widget\" data-widget_type=\"heading.default\">\n\t\t\t\t\t<h3 class=\"elementor-heading-title elementor-size-default\">El mejor precio calidad<\/h3>\t\t\t\t<\/div>\n\t\t\t\t<div class=\"elementor-element elementor-element-164215b6 elementor-widget elementor-widget-text-editor\" data-id=\"164215b6\" data-element_type=\"widget\" data-e-type=\"widget\" data-widget_type=\"text-editor.default\">\n\t\t\t\t\t\t\t\t\t<p>Tenemos una gran cantidad de medidas y colores mas usados y mejor indicados para las maquinas que est\u00e1n funcionando a nivel nacional.<\/p>\t\t\t\t\t\t\t\t<\/div>\n\t\t\t\t<div class=\"elementor-element elementor-element-68b67202 elementor-mobile-align-center elementor-align-center elementor-widget elementor-widget-button\" data-id=\"68b67202\" data-element_type=\"widget\" data-e-type=\"widget\" data-widget_type=\"button.default\">\n\t\t\t\t\t\t\t\t\t\t<a class=\"elementor-button elementor-button-link elementor-size-sm\" href=\"#\">\n\t\t\t\t\t\t<span class=\"elementor-button-content-wrapper\">\n\t\t\t\t\t\t\t\t\t<span class=\"elementor-button-text\">Contactanos<\/span>\n\t\t\t\t\t<\/span>\n\t\t\t\t\t<\/a>\n\t\t\t\t\t\t\t\t<\/div>\n\t\t\t\t\t<\/div>\n\t\t\t\t<\/div>\n\t\t\t\t<\/div>\n\t\t","protected":false},"excerpt":{"rendered":"<p>Tapacantos de PVC Medidas:22 x 0,45 mm22 x 1,5 mm29 x 1,5 mm50 x 0,45 mm PVC 22 x 0,45 [&hellip;]<\/p>\n","protected":false},"author":1,"featured_media":0,"parent":0,"menu_order":0,"comment_status":"closed","ping_status":"closed","template":"","meta":{"site-sidebar-layout":"no-sidebar","site-content-layout":"","ast-site-content-layout":"full-width-container","site-content-style":"default","site-sidebar-style":"default","ast-global-header-display":"","ast-banner-title-visibility":"","ast-main-header-display":"","ast-hfb-above-header-display":"","ast-hfb-below-header-display":"","ast-hfb-mobile-header-display":"","site-post-title":"disabled","ast-breadcrumbs-content":"","ast-featured-img":"disabled","footer-sml-layout":"","ast-disable-related-posts":"","theme-transparent-header-meta":"","adv-header-id-meta":"","stick-header-meta":"","header-above-stick-meta":"","header-main-stick-meta":"","header-below-stick-meta":"","astra-migrate-meta-layouts":"default","ast-page-background-enabled":"default","ast-page-background-meta":{"desktop":{"background-color":"var(--ast-global-color-5)","background-image":"","background-repeat":"repeat","background-position":"center center","background-size":"auto","background-attachment":"scroll","background-type":"","background-media":"","overlay-type":"","overlay-color":"","overlay-opacity":"","overlay-gradient":""},"tablet":{"background-color":"","background-image":"","background-repeat":"repeat","background-position":"center center","background-size":"auto","background-attachment":"scroll","background-type":"","background-media":"","overlay-type":"","overlay-color":"","overlay-opacity":"","overlay-gradient":""},"mobile":{"background-color":"","background-image":"","background-repeat":"repeat","background-position":"center center","background-size":"auto","background-attachment":"scroll","background-type":"","background-media":"","overlay-type":"","overlay-color":"","overlay-opacity":"","overlay-gradient":""}},"ast-content-background-meta":{"desktop":{"background-color":"var(--ast-global-color-4)","background-image":"","background-repeat":"repeat","background-position":"center center","background-size":"auto","background-attachment":"scroll","background-type":"","background-media":"","overlay-type":"","overlay-color":"","overlay-opacity":"","overlay-gradient":""},"tablet":{"background-color":"var(--ast-global-color-4)","background-image":"","background-repeat":"repeat","background-position":"center center","background-size":"auto","background-attachment":"scroll","background-type":"","background-media":"","overlay-type":"","overlay-color":"","overlay-opacity":"","overlay-gradient":""},"mobile":{"background-color":"var(--ast-global-color-4)","background-image":"","background-repeat":"repeat","background-position":"center center","background-size":"auto","background-attachment":"scroll","background-type":"","background-media":"","overlay-type":"","overlay-color":"","overlay-opacity":"","overlay-gradient":""}},"footnotes":""},"class_list":["post-176","page","type-page","status-publish","hentry"],"jetpack_sharing_enabled":true,"_links":{"self":[{"href":"https:\/\/canto360.cl\/index.php?rest_route=\/wp\/v2\/pages\/176","targetHints":{"allow":["GET"]}}],"collection":[{"href":"https:\/\/canto360.cl\/index.php?rest_route=\/wp\/v2\/pages"}],"about":[{"href":"https:\/\/canto360.cl\/index.php?rest_route=\/wp\/v2\/types\/page"}],"author":[{"embeddable":true,"href":"https:\/\/canto360.cl\/index.php?rest_route=\/wp\/v2\/users\/1"}],"replies":[{"embeddable":true,"href":"https:\/\/canto360.cl\/index.php?rest_route=%2Fwp%2Fv2%2Fcomments&post=176"}],"version-history":[{"count":14,"href":"https:\/\/canto360.cl\/index.php?rest_route=\/wp\/v2\/pages\/176\/revisions"}],"predecessor-version":[{"id":203,"href":"https:\/\/canto360.cl\/index.php?rest_route=\/wp\/v2\/pages\/176\/revisions\/203"}],"wp:attachment":[{"href":"https:\/\/canto360.cl\/index.php?rest_route=%2Fwp%2Fv2%2Fmedia&parent=176"}],"curies":[{"name":"wp","href":"https:\/\/api.w.org\/{rel}","templated":true}]}}